{"id":68,"date":"2026-04-26T10:04:18","date_gmt":"2026-04-26T08:04:18","guid":{"rendered":"http:\/\/226.wordpressalk.pl\/?page_id=68"},"modified":"2026-04-26T10:04:18","modified_gmt":"2026-04-26T08:04:18","slug":"kontakt","status":"publish","type":"page","link":"https:\/\/226.wordpressalk.pl\/index.php\/kontakt\/","title":{"rendered":"Kontakt"},"content":{"rendered":"\n<figure class=\"wp-block-image size-full is-resized\"><img fetchpriority=\"high\" decoding=\"async\" width=\"736\" height=\"293\" src=\"http:\/\/226.wordpressalk.pl\/wp-content\/uploads\/2026\/04\/9-e1777190642743.jpg\" alt=\"\" class=\"wp-image-69\" style=\"width:1064px;height:auto\" srcset=\"https:\/\/226.wordpressalk.pl\/wp-content\/uploads\/2026\/04\/9-e1777190642743.jpg 736w, https:\/\/226.wordpressalk.pl\/wp-content\/uploads\/2026\/04\/9-e1777190642743-300x119.jpg 300w, https:\/\/226.wordpressalk.pl\/wp-content\/uploads\/2026\/04\/9-e1777190642743-600x239.jpg 600w\" sizes=\"(max-width: 736px) 100vw, 736px\" \/><\/figure>\n\n\n\n<h2 class=\"wp-block-heading\">BIURO OBS\u0141UGI KLIENTA <\/h2>\n\n\n\n<p>Jeste\u015bmy tutaj, aby pom\u00f3c Ci na ka\u017cdym etapie zakup\u00f3w \u2014 od doboru produkt\u00f3w po realizacj\u0119 zam\u00f3wienia.<br>&#x2709;\u00a0<a>kontakt@musestudio.pl<\/a> <\/p>\n\n\n\n<h2 class=\"wp-block-heading\">REKLAMACJE I ZWROTY<\/h2>\n\n\n\n<p>W sprawach dotycz\u0105cych reklamacji, zwrot\u00f3w lub problem\u00f3w z zam\u00f3wieniem skontaktuj si\u0119 z nami:<br>&#x2709;\u00a0<a>reklamacje@musestudio.pl<\/a><\/p>\n\n\n\n<h2 class=\"wp-block-heading\">WSP\u00d3\u0141PRACA<\/h2>\n\n\n\n<p>W sprawie wsp\u00f3\u0142pracy biznesowej, partnerstw i projekt\u00f3w kreatywnych:<br>&#x2709;\u00a0<a>wspolpraca@musestudio.pl<\/a><\/p>\n\n\n\n<p>Je\u015bli chcesz, mog\u0119 te\u017c napisa\u0107 to bardziej luksusowo \/ premium pod estetyk\u0119 Muse Studio.<\/p>\n\n\n\n<h2 class=\"wp-block-heading\">NASZE BUTIKI <\/h2>\n\n\n\n<figure class=\"wp-block-table\"><table class=\"has-fixed-layout\"><tbody><tr><td><strong>WARSZAWA<\/strong><br>Butik Muse Studio<br>ul. Mokotowska 52<br>00-543 Warszawa<\/td><td><strong>GDA\u0143SK<\/strong><br>Butik Muse Studio<br>ul. St\u0105giewna 18<br>80-750 Gda\u0144sk<\/td><td><strong>KRAK\u00d3W<\/strong><br>Butik Muse Studio<br>ul. J\u00f3zefa 14<br>31-056 Krak\u00f3w<\/td><\/tr><\/tbody><\/table><\/figure>\n\n\n\n<p><\/p>\n","protected":false},"excerpt":{"rendered":"<p>BIURO OBS\u0141UGI KLIENTA Jeste\u015bmy tutaj, aby pom\u00f3c Ci na ka\u017cdym etapie zakup\u00f3w \u2014 od doboru produkt\u00f3w po realizacj\u0119 zam\u00f3wienia.&#x2709;\u00a0kontakt@musestudio.pl REKLAMACJE I ZWROTY W sprawach dotycz\u0105cych reklamacji, zwrot\u00f3w lub problem\u00f3w z [&hellip;]<\/p>\n","protected":false},"author":1,"featured_media":0,"parent":0,"menu_order":0,"comment_status":"closed","ping_status":"closed","template":"","meta":{"footnotes":""},"class_list":["post-68","page","type-page","status-publish","hentry"],"yoast_head":"<!-- This site is optimized with the Yoast SEO plugin v27.4 - https:\/\/yoast.com\/product\/yoast-seo-wordpress\/ -->\n<title>Kontakt - Muse Studio<\/title>\n<meta name=\"robots\" content=\"index, follow, max-snippet:-1, max-image-preview:large, max-video-preview:-1\" \/>\n<link rel=\"canonical\" href=\"http:\/\/226.wordpressalk.pl\/index.php\/kontakt\/\" \/>\n<meta property=\"og:locale\" content=\"pl_PL\" \/>\n<meta property=\"og:type\" content=\"article\" \/>\n<meta property=\"og:title\" content=\"Kontakt - Muse Studio\" \/>\n<meta property=\"og:description\" content=\"BIURO OBS\u0141UGI KLIENTA Jeste\u015bmy tutaj, aby pom\u00f3c Ci na ka\u017cdym etapie zakup\u00f3w \u2014 od doboru produkt\u00f3w po realizacj\u0119 zam\u00f3wienia.&#x2709;\u00a0kontakt@musestudio.pl REKLAMACJE I ZWROTY W sprawach dotycz\u0105cych reklamacji, zwrot\u00f3w lub problem\u00f3w z [&hellip;]\" \/>\n<meta property=\"og:url\" content=\"http:\/\/226.wordpressalk.pl\/index.php\/kontakt\/\" \/>\n<meta property=\"og:site_name\" content=\"Muse Studio\" \/>\n<meta property=\"og:image\" content=\"http:\/\/226.wordpressalk.pl\/wp-content\/uploads\/2026\/04\/9-e1777190642743.jpg\" \/>\n<meta name=\"twitter:card\" content=\"summary_large_image\" \/>\n<meta name=\"twitter:label1\" content=\"Szacowany czas czytania\" \/>\n\t<meta name=\"twitter:data1\" content=\"1 minuta\" \/>\n<script type=\"application\/ld+json\" class=\"yoast-schema-graph\">{\"@context\":\"https:\\\/\\\/schema.org\",\"@graph\":[{\"@type\":\"WebPage\",\"@id\":\"http:\\\/\\\/226.wordpressalk.pl\\\/index.php\\\/kontakt\\\/\",\"url\":\"http:\\\/\\\/226.wordpressalk.pl\\\/index.php\\\/kontakt\\\/\",\"name\":\"Kontakt - Muse Studio\",\"isPartOf\":{\"@id\":\"http:\\\/\\\/226.wordpressalk.pl\\\/#website\"},\"primaryImageOfPage\":{\"@id\":\"http:\\\/\\\/226.wordpressalk.pl\\\/index.php\\\/kontakt\\\/#primaryimage\"},\"image\":{\"@id\":\"http:\\\/\\\/226.wordpressalk.pl\\\/index.php\\\/kontakt\\\/#primaryimage\"},\"thumbnailUrl\":\"http:\\\/\\\/226.wordpressalk.pl\\\/wp-content\\\/uploads\\\/2026\\\/04\\\/9-e1777190642743.jpg\",\"datePublished\":\"2026-04-26T08:04:18+00:00\",\"breadcrumb\":{\"@id\":\"http:\\\/\\\/226.wordpressalk.pl\\\/index.php\\\/kontakt\\\/#breadcrumb\"},\"inLanguage\":\"pl-PL\",\"potentialAction\":[{\"@type\":\"ReadAction\",\"target\":[\"http:\\\/\\\/226.wordpressalk.pl\\\/index.php\\\/kontakt\\\/\"]}]},{\"@type\":\"ImageObject\",\"inLanguage\":\"pl-PL\",\"@id\":\"http:\\\/\\\/226.wordpressalk.pl\\\/index.php\\\/kontakt\\\/#primaryimage\",\"url\":\"https:\\\/\\\/226.wordpressalk.pl\\\/wp-content\\\/uploads\\\/2026\\\/04\\\/9-e1777190642743.jpg\",\"contentUrl\":\"https:\\\/\\\/226.wordpressalk.pl\\\/wp-content\\\/uploads\\\/2026\\\/04\\\/9-e1777190642743.jpg\",\"width\":736,\"height\":293,\"caption\":\"Screenshot\"},{\"@type\":\"BreadcrumbList\",\"@id\":\"http:\\\/\\\/226.wordpressalk.pl\\\/index.php\\\/kontakt\\\/#breadcrumb\",\"itemListElement\":[{\"@type\":\"ListItem\",\"position\":1,\"name\":\"Strona g\u0142\u00f3wna\",\"item\":\"http:\\\/\\\/226.wordpressalk.pl\\\/\"},{\"@type\":\"ListItem\",\"position\":2,\"name\":\"Kontakt\"}]},{\"@type\":\"WebSite\",\"@id\":\"http:\\\/\\\/226.wordpressalk.pl\\\/#website\",\"url\":\"http:\\\/\\\/226.wordpressalk.pl\\\/\",\"name\":\"Muse Studio\",\"description\":\"The new language of classics\",\"potentialAction\":[{\"@type\":\"SearchAction\",\"target\":{\"@type\":\"EntryPoint\",\"urlTemplate\":\"http:\\\/\\\/226.wordpressalk.pl\\\/?s={search_term_string}\"},\"query-input\":{\"@type\":\"PropertyValueSpecification\",\"valueRequired\":true,\"valueName\":\"search_term_string\"}}],\"inLanguage\":\"pl-PL\"}]}<\/script>\n<!-- \/ Yoast SEO plugin. -->","yoast_head_json":{"title":"Kontakt - Muse Studio","robots":{"index":"index","follow":"follow","max-snippet":"max-snippet:-1","max-image-preview":"max-image-preview:large","max-video-preview":"max-video-preview:-1"},"canonical":"http:\/\/226.wordpressalk.pl\/index.php\/kontakt\/","og_locale":"pl_PL","og_type":"article","og_title":"Kontakt - Muse Studio","og_description":"BIURO OBS\u0141UGI KLIENTA Jeste\u015bmy tutaj, aby pom\u00f3c Ci na ka\u017cdym etapie zakup\u00f3w \u2014 od doboru produkt\u00f3w po realizacj\u0119 zam\u00f3wienia.&#x2709;\u00a0kontakt@musestudio.pl REKLAMACJE I ZWROTY W sprawach dotycz\u0105cych reklamacji, zwrot\u00f3w lub problem\u00f3w z [&hellip;]","og_url":"http:\/\/226.wordpressalk.pl\/index.php\/kontakt\/","og_site_name":"Muse Studio","og_image":[{"url":"http:\/\/226.wordpressalk.pl\/wp-content\/uploads\/2026\/04\/9-e1777190642743.jpg","type":"","width":"","height":""}],"twitter_card":"summary_large_image","twitter_misc":{"Szacowany czas czytania":"1 minuta"},"schema":{"@context":"https:\/\/schema.org","@graph":[{"@type":"WebPage","@id":"http:\/\/226.wordpressalk.pl\/index.php\/kontakt\/","url":"http:\/\/226.wordpressalk.pl\/index.php\/kontakt\/","name":"Kontakt - Muse Studio","isPartOf":{"@id":"http:\/\/226.wordpressalk.pl\/#website"},"primaryImageOfPage":{"@id":"http:\/\/226.wordpressalk.pl\/index.php\/kontakt\/#primaryimage"},"image":{"@id":"http:\/\/226.wordpressalk.pl\/index.php\/kontakt\/#primaryimage"},"thumbnailUrl":"http:\/\/226.wordpressalk.pl\/wp-content\/uploads\/2026\/04\/9-e1777190642743.jpg","datePublished":"2026-04-26T08:04:18+00:00","breadcrumb":{"@id":"http:\/\/226.wordpressalk.pl\/index.php\/kontakt\/#breadcrumb"},"inLanguage":"pl-PL","potentialAction":[{"@type":"ReadAction","target":["http:\/\/226.wordpressalk.pl\/index.php\/kontakt\/"]}]},{"@type":"ImageObject","inLanguage":"pl-PL","@id":"http:\/\/226.wordpressalk.pl\/index.php\/kontakt\/#primaryimage","url":"https:\/\/226.wordpressalk.pl\/wp-content\/uploads\/2026\/04\/9-e1777190642743.jpg","contentUrl":"https:\/\/226.wordpressalk.pl\/wp-content\/uploads\/2026\/04\/9-e1777190642743.jpg","width":736,"height":293,"caption":"Screenshot"},{"@type":"BreadcrumbList","@id":"http:\/\/226.wordpressalk.pl\/index.php\/kontakt\/#breadcrumb","itemListElement":[{"@type":"ListItem","position":1,"name":"Strona g\u0142\u00f3wna","item":"http:\/\/226.wordpressalk.pl\/"},{"@type":"ListItem","position":2,"name":"Kontakt"}]},{"@type":"WebSite","@id":"http:\/\/226.wordpressalk.pl\/#website","url":"http:\/\/226.wordpressalk.pl\/","name":"Muse Studio","description":"The new language of classics","potentialAction":[{"@type":"SearchAction","target":{"@type":"EntryPoint","urlTemplate":"http:\/\/226.wordpressalk.pl\/?s={search_term_string}"},"query-input":{"@type":"PropertyValueSpecification","valueRequired":true,"valueName":"search_term_string"}}],"inLanguage":"pl-PL"}]}},"_links":{"self":[{"href":"https:\/\/226.wordpressalk.pl\/index.php\/wp-json\/wp\/v2\/pages\/68","targetHints":{"allow":["GET"]}}],"collection":[{"href":"https:\/\/226.wordpressalk.pl\/index.php\/wp-json\/wp\/v2\/pages"}],"about":[{"href":"https:\/\/226.wordpressalk.pl\/index.php\/wp-json\/wp\/v2\/types\/page"}],"author":[{"embeddable":true,"href":"https:\/\/226.wordpressalk.pl\/index.php\/wp-json\/wp\/v2\/users\/1"}],"replies":[{"embeddable":true,"href":"https:\/\/226.wordpressalk.pl\/index.php\/wp-json\/wp\/v2\/comments?post=68"}],"version-history":[{"count":1,"href":"https:\/\/226.wordpressalk.pl\/index.php\/wp-json\/wp\/v2\/pages\/68\/revisions"}],"predecessor-version":[{"id":70,"href":"https:\/\/226.wordpressalk.pl\/index.php\/wp-json\/wp\/v2\/pages\/68\/revisions\/70"}],"wp:attachment":[{"href":"https:\/\/226.wordpressalk.pl\/index.php\/wp-json\/wp\/v2\/media?parent=68"}],"curies":[{"name":"wp","href":"https:\/\/api.w.org\/{rel}","templated":true}]}}