{"id":53,"date":"2026-04-26T09:55:08","date_gmt":"2026-04-26T07:55:08","guid":{"rendered":"http:\/\/226.wordpressalk.pl\/?page_id=53"},"modified":"2026-04-26T22:01:17","modified_gmt":"2026-04-26T20:01:17","slug":"strona-glowna","status":"publish","type":"page","link":"https:\/\/226.wordpressalk.pl\/","title":{"rendered":"Strona G\u0142\u00f3wna"},"content":{"rendered":"\n<figure class=\"wp-block-image alignfull size-full has-custom-border\" style=\"margin-top:0;margin-bottom:0\"><img fetchpriority=\"high\" decoding=\"async\" width=\"1589\" height=\"989\" src=\"http:\/\/226.wordpressalk.pl\/wp-content\/uploads\/2026\/04\/ChatGPT-Image-26.04.2026-o-13_00_51.png\" alt=\"\" class=\"wp-image-86\" style=\"border-style:none;border-width:0px;border-top-left-radius:21px;border-top-right-radius:21px;border-bottom-left-radius:21px;border-bottom-right-radius:21px\" srcset=\"https:\/\/226.wordpressalk.pl\/wp-content\/uploads\/2026\/04\/ChatGPT-Image-26.04.2026-o-13_00_51.png 1589w, https:\/\/226.wordpressalk.pl\/wp-content\/uploads\/2026\/04\/ChatGPT-Image-26.04.2026-o-13_00_51-800x498.png 800w, https:\/\/226.wordpressalk.pl\/wp-content\/uploads\/2026\/04\/ChatGPT-Image-26.04.2026-o-13_00_51-300x187.png 300w, https:\/\/226.wordpressalk.pl\/wp-content\/uploads\/2026\/04\/ChatGPT-Image-26.04.2026-o-13_00_51-1024x637.png 1024w, https:\/\/226.wordpressalk.pl\/wp-content\/uploads\/2026\/04\/ChatGPT-Image-26.04.2026-o-13_00_51-768x478.png 768w, https:\/\/226.wordpressalk.pl\/wp-content\/uploads\/2026\/04\/ChatGPT-Image-26.04.2026-o-13_00_51-1536x956.png 1536w\" sizes=\"(max-width: 1589px) 100vw, 1589px\" \/><\/figure>\n\n\n\n<p>MUSE STUDIO<\/p>\n\n\n\n<p><strong>Muse Studio powsta\u0142o z pasji do mody i potrzeby stworzenia ubra\u0144, kt\u00f3rych brakowa\u0142o jej za\u0142o\u017cycielce.<\/strong>&nbsp;Z marzenia o garderobie, kt\u00f3ra \u0142\u0105czy ponadczasow\u0105 klasyk\u0119 z nowoczesnym charakterem, a wysok\u0105 jako\u015b\u0107 z wyrazistym detalem. Od pocz\u0105tku ide\u0105 marki by\u0142o tworzenie ubra\u0144, kt\u00f3re nie poddaj\u0105 si\u0119 sezonowo\u015bci, lecz buduj\u0105 styl na lata.<\/p>\n\n\n\n<p>Muse Studio rozwija si\u0119 wok\u00f3\u0142 estetyki \u015bwiadomej, nowoczesnej klasyki, a ka\u017cda kolekcja odzwierciedla t\u0119 wizj\u0119 &#8211; minimalizm z twistem, elegancj\u0119 z charakterem i mod\u0119, kt\u00f3ra inspiruje zamiast przemija\u0107. Marka powsta\u0142a dla kobiet, kt\u00f3re szukaj\u0105 czego\u015b wi\u0119cej ni\u017c trend\u00f3w &#8211; garderoby z ide\u0105, jako\u015bci i stylu, kt\u00f3ry zostaje.<\/p>\n\n\n\n<p>Tworzymy projekty, w kt\u00f3rych ponadczasowe krawiectwo spotyka wsp\u00f3\u0142czesn\u0105 kobieco\u015b\u0107, a ka\u017cda marynarka staje si\u0119 wyrazem pewno\u015bci siebie i indywidualno\u015bci.\u00a0<strong>Muse Studio<\/strong>\u00a0to nowy j\u0119zyk klasyki &#8211; subtelny, wyrafinowany i tworzony z my\u015bl\u0105 o kobietach, kt\u00f3re buduj\u0105 styl \u015bwiadomie.<\/p>\n\n\n\n<p><strong>Muse Studio to The New Language of Classics &#8211;  nowy spos\u00f3b my\u015blenia o klasyce<\/strong><\/p>\n\n\n\n<div class=\"wp-block-group is-nowrap is-layout-flex wp-container-core-group-is-layout-6c531013 wp-block-group-is-layout-flex\">\n<div class=\"wp-block-columns is-layout-flex wp-container-core-columns-is-layout-28f84493 wp-block-columns-is-layout-flex\">\n<div class=\"wp-block-column is-layout-flow wp-block-column-is-layout-flow\" style=\"flex-basis:100%\">\n<figure class=\"wp-block-image size-full is-resized\" style=\"margin-top:0;margin-bottom:0\"><img decoding=\"async\" width=\"735\" height=\"992\" data-src=\"http:\/\/226.wordpressalk.pl\/wp-content\/uploads\/2026\/04\/7.jpg\" alt=\"\" class=\"wp-image-64 lazyload\" style=\"--smush-placeholder-width: 735px; --smush-placeholder-aspect-ratio: 735\/992;aspect-ratio:0.740939089892419;width:332px;height:auto\" data-srcset=\"https:\/\/226.wordpressalk.pl\/wp-content\/uploads\/2026\/04\/7.jpg 735w, https:\/\/226.wordpressalk.pl\/wp-content\/uploads\/2026\/04\/7-222x300.jpg 222w, https:\/\/226.wordpressalk.pl\/wp-content\/uploads\/2026\/04\/7-600x810.jpg 600w\" data-sizes=\"(max-width: 735px) 100vw, 735px\" src=\"data:image\/svg+xml;base64,PHN2ZyB3aWR0aD0iMSIgaGVpZ2h0PSIxIiB4bWxucz0iaHR0cDovL3d3dy53My5vcmcvMjAwMC9zdmciPjwvc3ZnPg==\" \/><\/figure>\n<\/div>\n<\/div>\n\n\n\n<figure class=\"wp-block-image size-large is-resized\"><img decoding=\"async\" width=\"704\" height=\"1024\" data-src=\"http:\/\/226.wordpressalk.pl\/wp-content\/uploads\/2026\/04\/8-e1777189330387-704x1024.jpg\" alt=\"\" class=\"wp-image-65 lazyload\" style=\"--smush-placeholder-width: 704px; --smush-placeholder-aspect-ratio: 704\/1024;aspect-ratio:0.6875094033039448;width:314px;height:auto\" data-srcset=\"https:\/\/226.wordpressalk.pl\/wp-content\/uploads\/2026\/04\/8-e1777189330387-704x1024.jpg 704w, https:\/\/226.wordpressalk.pl\/wp-content\/uploads\/2026\/04\/8-e1777189330387-206x300.jpg 206w, https:\/\/226.wordpressalk.pl\/wp-content\/uploads\/2026\/04\/8-e1777189330387-600x872.jpg 600w, https:\/\/226.wordpressalk.pl\/wp-content\/uploads\/2026\/04\/8-e1777189330387.jpg 736w\" data-sizes=\"(max-width: 704px) 100vw, 704px\" src=\"data:image\/svg+xml;base64,PHN2ZyB3aWR0aD0iMSIgaGVpZ2h0PSIxIiB4bWxucz0iaHR0cDovL3d3dy53My5vcmcvMjAwMC9zdmciPjwvc3ZnPg==\" \/><\/figure>\n\n\n\n<figure class=\"wp-block-image size-large is-resized\"><img decoding=\"async\" width=\"693\" height=\"1024\" data-src=\"http:\/\/226.wordpressalk.pl\/wp-content\/uploads\/2026\/04\/6-693x1024.jpg\" alt=\"\" class=\"wp-image-63 lazyload\" style=\"--smush-placeholder-width: 693px; --smush-placeholder-aspect-ratio: 693\/1024;aspect-ratio:0.6767707152278039;width:284px;height:auto\" data-srcset=\"https:\/\/226.wordpressalk.pl\/wp-content\/uploads\/2026\/04\/6-693x1024.jpg 693w, https:\/\/226.wordpressalk.pl\/wp-content\/uploads\/2026\/04\/6-203x300.jpg 203w, https:\/\/226.wordpressalk.pl\/wp-content\/uploads\/2026\/04\/6-600x887.jpg 600w, https:\/\/226.wordpressalk.pl\/wp-content\/uploads\/2026\/04\/6.jpg 736w\" data-sizes=\"(max-width: 693px) 100vw, 693px\" src=\"data:image\/svg+xml;base64,PHN2ZyB3aWR0aD0iMSIgaGVpZ2h0PSIxIiB4bWxucz0iaHR0cDovL3d3dy53My5vcmcvMjAwMC9zdmciPjwvc3ZnPg==\" \/><\/figure>\n<\/div>\n\n\n\n<p>Ka\u017cda kolekcja to nowy rozdzia\u0142 \u2013 zapis emocji i nastroj\u00f3w uchwycony w tkaninie, inspirowany codzienno\u015bci\u0105, podr\u00f3\u017cami, sztuk\u0105 i inspiruj\u0105cymi kobietami. Filozofia MUSE STUDIO opiera si\u0119 na pi\u0119ciu warto\u015bciach, kt\u00f3re wyznaczaj\u0105 jej estetyczny i emocjonalny kierunek:&nbsp;<\/p>\n\n\n\n<figure class=\"wp-block-image size-large\"><img decoding=\"async\" width=\"1024\" height=\"343\" data-src=\"http:\/\/226.wordpressalk.pl\/wp-content\/uploads\/2026\/04\/ChatGPT-Image-26.04.2026-o-13_03_52-e1777201492253-1024x343.png\" alt=\"\" class=\"wp-image-87 lazyload\" data-srcset=\"https:\/\/226.wordpressalk.pl\/wp-content\/uploads\/2026\/04\/ChatGPT-Image-26.04.2026-o-13_03_52-e1777201492253-1024x343.png 1024w, https:\/\/226.wordpressalk.pl\/wp-content\/uploads\/2026\/04\/ChatGPT-Image-26.04.2026-o-13_03_52-e1777201492253-800x268.png 800w, https:\/\/226.wordpressalk.pl\/wp-content\/uploads\/2026\/04\/ChatGPT-Image-26.04.2026-o-13_03_52-e1777201492253-300x100.png 300w, https:\/\/226.wordpressalk.pl\/wp-content\/uploads\/2026\/04\/ChatGPT-Image-26.04.2026-o-13_03_52-e1777201492253-768x257.png 768w, https:\/\/226.wordpressalk.pl\/wp-content\/uploads\/2026\/04\/ChatGPT-Image-26.04.2026-o-13_03_52-e1777201492253-1536x514.png 1536w, https:\/\/226.wordpressalk.pl\/wp-content\/uploads\/2026\/04\/ChatGPT-Image-26.04.2026-o-13_03_52-e1777201492253.png 1774w\" data-sizes=\"(max-width: 1024px) 100vw, 1024px\" src=\"data:image\/svg+xml;base64,PHN2ZyB3aWR0aD0iMSIgaGVpZ2h0PSIxIiB4bWxucz0iaHR0cDovL3d3dy53My5vcmcvMjAwMC9zdmciPjwvc3ZnPg==\" style=\"--smush-placeholder-width: 1024px; --smush-placeholder-aspect-ratio: 1024\/343;\" \/><\/figure>\n","protected":false},"excerpt":{"rendered":"<p>MUSE STUDIO Muse Studio powsta\u0142o z pasji do mody i potrzeby stworzenia ubra\u0144, kt\u00f3rych brakowa\u0142o jej za\u0142o\u017cycielce.&nbsp;Z marzenia o garderobie, kt\u00f3ra \u0142\u0105czy ponadczasow\u0105 klasyk\u0119 z nowoczesnym charakterem, a wysok\u0105 jako\u015b\u0107 [&hellip;]<\/p>\n","protected":false},"author":1,"featured_media":0,"parent":0,"menu_order":0,"comment_status":"closed","ping_status":"closed","template":"","meta":{"footnotes":""},"class_list":["post-53","page","type-page","status-publish","hentry"],"yoast_head":"<!-- This site is optimized with the Yoast SEO plugin v27.4 - https:\/\/yoast.com\/product\/yoast-seo-wordpress\/ -->\n<title>Strona G\u0142\u00f3wna - Muse Studio<\/title>\n<meta name=\"robots\" content=\"index, follow, max-snippet:-1, max-image-preview:large, max-video-preview:-1\" \/>\n<link rel=\"canonical\" href=\"http:\/\/226.wordpressalk.pl\/\" \/>\n<meta property=\"og:locale\" content=\"pl_PL\" \/>\n<meta property=\"og:type\" content=\"article\" \/>\n<meta property=\"og:title\" content=\"Strona G\u0142\u00f3wna - Muse Studio\" \/>\n<meta property=\"og:description\" content=\"MUSE STUDIO Muse Studio powsta\u0142o z pasji do mody i potrzeby stworzenia ubra\u0144, kt\u00f3rych brakowa\u0142o jej za\u0142o\u017cycielce.&nbsp;Z marzenia o garderobie, kt\u00f3ra \u0142\u0105czy ponadczasow\u0105 klasyk\u0119 z nowoczesnym charakterem, a wysok\u0105 jako\u015b\u0107 [&hellip;]\" \/>\n<meta property=\"og:url\" content=\"http:\/\/226.wordpressalk.pl\/\" \/>\n<meta property=\"og:site_name\" content=\"Muse Studio\" \/>\n<meta property=\"article:modified_time\" content=\"2026-04-26T20:01:17+00:00\" \/>\n<meta property=\"og:image\" content=\"http:\/\/226.wordpressalk.pl\/wp-content\/uploads\/2026\/04\/ChatGPT-Image-26.04.2026-o-13_00_51.png\" \/>\n<meta name=\"twitter:card\" content=\"summary_large_image\" \/>\n<meta name=\"twitter:label1\" content=\"Szacowany czas czytania\" \/>\n\t<meta name=\"twitter:data1\" content=\"3 minuty\" \/>\n<script type=\"application\/ld+json\" class=\"yoast-schema-graph\">{\"@context\":\"https:\\\/\\\/schema.org\",\"@graph\":[{\"@type\":\"WebPage\",\"@id\":\"http:\\\/\\\/226.wordpressalk.pl\\\/\",\"url\":\"http:\\\/\\\/226.wordpressalk.pl\\\/\",\"name\":\"Strona G\u0142\u00f3wna - Muse Studio\",\"isPartOf\":{\"@id\":\"http:\\\/\\\/226.wordpressalk.pl\\\/#website\"},\"primaryImageOfPage\":{\"@id\":\"http:\\\/\\\/226.wordpressalk.pl\\\/#primaryimage\"},\"image\":{\"@id\":\"http:\\\/\\\/226.wordpressalk.pl\\\/#primaryimage\"},\"thumbnailUrl\":\"http:\\\/\\\/226.wordpressalk.pl\\\/wp-content\\\/uploads\\\/2026\\\/04\\\/ChatGPT-Image-26.04.2026-o-13_00_51.png\",\"datePublished\":\"2026-04-26T07:55:08+00:00\",\"dateModified\":\"2026-04-26T20:01:17+00:00\",\"breadcrumb\":{\"@id\":\"http:\\\/\\\/226.wordpressalk.pl\\\/#breadcrumb\"},\"inLanguage\":\"pl-PL\",\"potentialAction\":[{\"@type\":\"ReadAction\",\"target\":[\"http:\\\/\\\/226.wordpressalk.pl\\\/\"]}]},{\"@type\":\"ImageObject\",\"inLanguage\":\"pl-PL\",\"@id\":\"http:\\\/\\\/226.wordpressalk.pl\\\/#primaryimage\",\"url\":\"https:\\\/\\\/226.wordpressalk.pl\\\/wp-content\\\/uploads\\\/2026\\\/04\\\/ChatGPT-Image-26.04.2026-o-13_00_51.png\",\"contentUrl\":\"https:\\\/\\\/226.wordpressalk.pl\\\/wp-content\\\/uploads\\\/2026\\\/04\\\/ChatGPT-Image-26.04.2026-o-13_00_51.png\",\"width\":1589,\"height\":989},{\"@type\":\"BreadcrumbList\",\"@id\":\"http:\\\/\\\/226.wordpressalk.pl\\\/#breadcrumb\",\"itemListElement\":[{\"@type\":\"ListItem\",\"position\":1,\"name\":\"Strona g\u0142\u00f3wna\",\"item\":\"http:\\\/\\\/226.wordpressalk.pl\\\/\"},{\"@type\":\"ListItem\",\"position\":2,\"name\":\"Strona G\u0142\u00f3wna\"}]},{\"@type\":\"WebSite\",\"@id\":\"http:\\\/\\\/226.wordpressalk.pl\\\/#website\",\"url\":\"http:\\\/\\\/226.wordpressalk.pl\\\/\",\"name\":\"Muse Studio\",\"description\":\"The new language of classics\",\"potentialAction\":[{\"@type\":\"SearchAction\",\"target\":{\"@type\":\"EntryPoint\",\"urlTemplate\":\"http:\\\/\\\/226.wordpressalk.pl\\\/?s={search_term_string}\"},\"query-input\":{\"@type\":\"PropertyValueSpecification\",\"valueRequired\":true,\"valueName\":\"search_term_string\"}}],\"inLanguage\":\"pl-PL\"}]}<\/script>\n<!-- \/ Yoast SEO plugin. -->","yoast_head_json":{"title":"Strona G\u0142\u00f3wna - Muse Studio","robots":{"index":"index","follow":"follow","max-snippet":"max-snippet:-1","max-image-preview":"max-image-preview:large","max-video-preview":"max-video-preview:-1"},"canonical":"http:\/\/226.wordpressalk.pl\/","og_locale":"pl_PL","og_type":"article","og_title":"Strona G\u0142\u00f3wna - Muse Studio","og_description":"MUSE STUDIO Muse Studio powsta\u0142o z pasji do mody i potrzeby stworzenia ubra\u0144, kt\u00f3rych brakowa\u0142o jej za\u0142o\u017cycielce.&nbsp;Z marzenia o garderobie, kt\u00f3ra \u0142\u0105czy ponadczasow\u0105 klasyk\u0119 z nowoczesnym charakterem, a wysok\u0105 jako\u015b\u0107 [&hellip;]","og_url":"http:\/\/226.wordpressalk.pl\/","og_site_name":"Muse Studio","article_modified_time":"2026-04-26T20:01:17+00:00","og_image":[{"url":"http:\/\/226.wordpressalk.pl\/wp-content\/uploads\/2026\/04\/ChatGPT-Image-26.04.2026-o-13_00_51.png","type":"","width":"","height":""}],"twitter_card":"summary_large_image","twitter_misc":{"Szacowany czas czytania":"3 minuty"},"schema":{"@context":"https:\/\/schema.org","@graph":[{"@type":"WebPage","@id":"http:\/\/226.wordpressalk.pl\/","url":"http:\/\/226.wordpressalk.pl\/","name":"Strona G\u0142\u00f3wna - Muse Studio","isPartOf":{"@id":"http:\/\/226.wordpressalk.pl\/#website"},"primaryImageOfPage":{"@id":"http:\/\/226.wordpressalk.pl\/#primaryimage"},"image":{"@id":"http:\/\/226.wordpressalk.pl\/#primaryimage"},"thumbnailUrl":"http:\/\/226.wordpressalk.pl\/wp-content\/uploads\/2026\/04\/ChatGPT-Image-26.04.2026-o-13_00_51.png","datePublished":"2026-04-26T07:55:08+00:00","dateModified":"2026-04-26T20:01:17+00:00","breadcrumb":{"@id":"http:\/\/226.wordpressalk.pl\/#breadcrumb"},"inLanguage":"pl-PL","potentialAction":[{"@type":"ReadAction","target":["http:\/\/226.wordpressalk.pl\/"]}]},{"@type":"ImageObject","inLanguage":"pl-PL","@id":"http:\/\/226.wordpressalk.pl\/#primaryimage","url":"https:\/\/226.wordpressalk.pl\/wp-content\/uploads\/2026\/04\/ChatGPT-Image-26.04.2026-o-13_00_51.png","contentUrl":"https:\/\/226.wordpressalk.pl\/wp-content\/uploads\/2026\/04\/ChatGPT-Image-26.04.2026-o-13_00_51.png","width":1589,"height":989},{"@type":"BreadcrumbList","@id":"http:\/\/226.wordpressalk.pl\/#breadcrumb","itemListElement":[{"@type":"ListItem","position":1,"name":"Strona g\u0142\u00f3wna","item":"http:\/\/226.wordpressalk.pl\/"},{"@type":"ListItem","position":2,"name":"Strona G\u0142\u00f3wna"}]},{"@type":"WebSite","@id":"http:\/\/226.wordpressalk.pl\/#website","url":"http:\/\/226.wordpressalk.pl\/","name":"Muse Studio","description":"The new language of classics","potentialAction":[{"@type":"SearchAction","target":{"@type":"EntryPoint","urlTemplate":"http:\/\/226.wordpressalk.pl\/?s={search_term_string}"},"query-input":{"@type":"PropertyValueSpecification","valueRequired":true,"valueName":"search_term_string"}}],"inLanguage":"pl-PL"}]}},"_links":{"self":[{"href":"https:\/\/226.wordpressalk.pl\/index.php\/wp-json\/wp\/v2\/pages\/53","targetHints":{"allow":["GET"]}}],"collection":[{"href":"https:\/\/226.wordpressalk.pl\/index.php\/wp-json\/wp\/v2\/pages"}],"about":[{"href":"https:\/\/226.wordpressalk.pl\/index.php\/wp-json\/wp\/v2\/types\/page"}],"author":[{"embeddable":true,"href":"https:\/\/226.wordpressalk.pl\/index.php\/wp-json\/wp\/v2\/users\/1"}],"replies":[{"embeddable":true,"href":"https:\/\/226.wordpressalk.pl\/index.php\/wp-json\/wp\/v2\/comments?post=53"}],"version-history":[{"count":7,"href":"https:\/\/226.wordpressalk.pl\/index.php\/wp-json\/wp\/v2\/pages\/53\/revisions"}],"predecessor-version":[{"id":163,"href":"https:\/\/226.wordpressalk.pl\/index.php\/wp-json\/wp\/v2\/pages\/53\/revisions\/163"}],"wp:attachment":[{"href":"https:\/\/226.wordpressalk.pl\/index.php\/wp-json\/wp\/v2\/media?parent=53"}],"curies":[{"name":"wp","href":"https:\/\/api.w.org\/{rel}","templated":true}]}}