{"id":106,"date":"2026-04-26T17:24:40","date_gmt":"2026-04-26T15:24:40","guid":{"rendered":"http:\/\/226.wordpressalk.pl\/?page_id=106"},"modified":"2026-04-26T23:07:16","modified_gmt":"2026-04-26T21:07:16","slug":"nowa-kolekcja-wiosna-lato-2026","status":"publish","type":"page","link":"https:\/\/226.wordpressalk.pl\/index.php\/nowa-kolekcja-wiosna-lato-2026\/","title":{"rendered":"Nowa kolekcja &#8211; wiosna\/lato 2026"},"content":{"rendered":"\t\t<div data-elementor-type=\"wp-page\" data-elementor-id=\"106\" class=\"elementor elementor-106\">\n\t\t\t\t<div class=\"elementor-element elementor-element-57933e2 e-flex e-con-boxed e-con e-parent\" data-id=\"57933e2\" data-element_type=\"container\" data-e-type=\"container\">\n\t\t\t\t\t<div class=\"e-con-inner\">\n\t\t\t\t\t\t\t\n\t\t<img class=\"e-image-base lazyload\" \n\t\t\t\t\tdata-interaction-id=\"153c74c\" \n\t\t \n\t\t \n\t\t\t\t\t\t\t\t\tid=\"117\"\n\t\t\t\t\t\t\t\t\t\t\t\tdata-src=\"https:\/\/226.wordpressalk.pl\/wp-content\/uploads\/2026\/04\/ChatGPT-Image-26.04.2026-o-17_22_41.png\"\n\t\t\t\t\t\t\t\t\t\t\t\twidth=\"1536\"\n\t\t\t\t\t\t\t\t\t\t\t\theight=\"1024\"\n\t\t\t\t\t\t\t\t\t\t\t\tdata-srcset=\"https:\/\/226.wordpressalk.pl\/wp-content\/uploads\/2026\/04\/ChatGPT-Image-26.04.2026-o-17_22_41.png 1536w, https:\/\/226.wordpressalk.pl\/wp-content\/uploads\/2026\/04\/ChatGPT-Image-26.04.2026-o-17_22_41-300x200.png 300w, https:\/\/226.wordpressalk.pl\/wp-content\/uploads\/2026\/04\/ChatGPT-Image-26.04.2026-o-17_22_41-1024x683.png 1024w, https:\/\/226.wordpressalk.pl\/wp-content\/uploads\/2026\/04\/ChatGPT-Image-26.04.2026-o-17_22_41-768x512.png 768w, https:\/\/226.wordpressalk.pl\/wp-content\/uploads\/2026\/04\/ChatGPT-Image-26.04.2026-o-17_22_41-1140x760.png 1140w, https:\/\/226.wordpressalk.pl\/wp-content\/uploads\/2026\/04\/ChatGPT-Image-26.04.2026-o-17_22_41-920x613.png 920w, https:\/\/226.wordpressalk.pl\/wp-content\/uploads\/2026\/04\/ChatGPT-Image-26.04.2026-o-17_22_41-575x383.png 575w, https:\/\/226.wordpressalk.pl\/wp-content\/uploads\/2026\/04\/ChatGPT-Image-26.04.2026-o-17_22_41-380x253.png 380w, https:\/\/226.wordpressalk.pl\/wp-content\/uploads\/2026\/04\/ChatGPT-Image-26.04.2026-o-17_22_41-800x533.png 800w\"\n\t\t\t\t\t\t\t\t\t\t\t\talt=\"\"\n\t\t\t\t\t\t src=\"data:image\/svg+xml;base64,PHN2ZyB3aWR0aD0iMSIgaGVpZ2h0PSIxIiB4bWxucz0iaHR0cDovL3d3dy53My5vcmcvMjAwMC9zdmciPjwvc3ZnPg==\" style=\"--smush-placeholder-width: 1536px; --smush-placeholder-aspect-ratio: 1536\/1024;\" \/>\n\t\t\t\t\t\t<\/div>\n\t\t\t\t<\/div>\n\t\t<div class=\"elementor-element elementor-element-59df508 e-flex e-con-boxed e-con e-parent\" data-id=\"59df508\" data-element_type=\"container\" data-e-type=\"container\">\n\t\t\t\t\t<div class=\"e-con-inner\">\n\t\t\t\t\t<\/div>\n\t\t\t\t<\/div>\n\t\t<div class=\"elementor-element elementor-element-90f2cab e-flex e-con-boxed e-con e-parent\" data-id=\"90f2cab\" data-element_type=\"container\" data-e-type=\"container\">\n\t\t\t\t\t<div class=\"e-con-inner\">\n\t\t\t\t\t\t\t\t<p class=\"e-601797e-445cf80 e-paragraph-base\" data-interaction-id=\"601797e\"  >\n\t\t\t\t\t\t\t\t<strong id=\"e-mog74xy1-3h54zuw\">Wiosna\/Lato 2026<\/strong> to kolekcja inspirowana lekko\u015bci\u0105, nowoczesn\u0105 kobieco\u015bci\u0105 i sztuk\u0105 wsp\u00f3\u0142czesnego krawiectwa. W tej ods\u0142onie Muse Studio redefiniuje marynark\u0119 - nadaj\u0105c jej bardziej zmys\u0142owy, wyrazisty i swobodny charakter. Rze\u017abiarskie formy, mocne ramiona, mi\u0119kkie linie oraz dopracowane detale tworz\u0105 sylwetki, kt\u00f3re \u0142\u0105cz\u0105 si\u0142\u0119 z subtelno\u015bci\u0105.To kolekcja dla kobiet, kt\u00f3re kochaj\u0105 klasyk\u0119, ale nosz\u0105 j\u0105 po swojemu - odwa\u017cnie, lekko i z nonszalancj\u0105. Jasne tonacje, kontrast czerni i ivory oraz nowoczesne proporcje buduj\u0105 garderob\u0119, kt\u00f3ra wykracza poza sezon. <strong id=\"e-mog74xy1-mye75w3\">Wiosna\/Lato 2026<\/strong> to nowy j\u0119zyk klasyki \u2014 pewny siebie, kobiecy i ponadczasowy.\n\t\t\t\t\t<\/p>\n\t\t\t\t\t<\/div>\n\t\t\t\t<\/div>\n\t\t<div class=\"elementor-element elementor-element-7655773 e-grid e-con-boxed e-con e-parent\" data-id=\"7655773\" data-element_type=\"container\" data-e-type=\"container\">\n\t\t\t\t\t<div class=\"e-con-inner\">\n\t\t\t\t\t\t\t\n\t\t<img class=\"e-image-base e-ee84c26-7a57fcd lazyload\" \n\t\t\t\t\tdata-interaction-id=\"ee84c26\" \n\t\t \n\t\t \n\t\t\t\t\t\t\t\t\tid=\"124\"\n\t\t\t\t\t\t\t\t\t\t\t\tdata-src=\"https:\/\/226.wordpressalk.pl\/wp-content\/uploads\/2026\/04\/Zrzut-ekranu-2026-04-26-o-17.39.04.png\"\n\t\t\t\t\t\t\t\t\t\t\t\twidth=\"640\"\n\t\t\t\t\t\t\t\t\t\t\t\theight=\"1048\"\n\t\t\t\t\t\t\t\t\t\t\t\tdata-srcset=\"https:\/\/226.wordpressalk.pl\/wp-content\/uploads\/2026\/04\/Zrzut-ekranu-2026-04-26-o-17.39.04.png 640w, https:\/\/226.wordpressalk.pl\/wp-content\/uploads\/2026\/04\/Zrzut-ekranu-2026-04-26-o-17.39.04-183x300.png 183w, https:\/\/226.wordpressalk.pl\/wp-content\/uploads\/2026\/04\/Zrzut-ekranu-2026-04-26-o-17.39.04-625x1024.png 625w, https:\/\/226.wordpressalk.pl\/wp-content\/uploads\/2026\/04\/Zrzut-ekranu-2026-04-26-o-17.39.04-575x942.png 575w, https:\/\/226.wordpressalk.pl\/wp-content\/uploads\/2026\/04\/Zrzut-ekranu-2026-04-26-o-17.39.04-380x622.png 380w\"\n\t\t\t\t\t\t\t\t\t\t\t\talt=\"\"\n\t\t\t\t\t\t src=\"data:image\/svg+xml;base64,PHN2ZyB3aWR0aD0iMSIgaGVpZ2h0PSIxIiB4bWxucz0iaHR0cDovL3d3dy53My5vcmcvMjAwMC9zdmciPjwvc3ZnPg==\" style=\"--smush-placeholder-width: 640px; --smush-placeholder-aspect-ratio: 640\/1048;\" \/>\n\t\t\t\t\t\t\t\t<h2 \n\t\tdata-interaction-id=\"dcd791c\" \n\t\tclass=\"e-dcd791c-18b167b e-heading-base\" \n\t\t \n\t\t\n\t>\n\t\n\t\t\tThe Pice\n\t\t<\/h2>\n\t\t\t\t\t\t\t\t<p class=\"e-paragraph-base\" data-interaction-id=\"07d45e2\"  >\n\t\t\t\t\t\t\t\tPokazowy model kolekcji <strong id=\"e-mog75180-7e63n90\">Wiosna\/Lato 2026<\/strong> i esencja estetyki Muse Studio. Rze\u017abiarska forma, wyraziste ramiona oraz kontrastowa koronkowa st\u00f3jka nadaj\u0105 tej marynarce couture\u2019owy charakter, balansuj\u0105c mi\u0119dzy si\u0142\u0105 a subtelno\u015bci\u0105. <strong id=\"e-mog75180-pxost1h\">The Piece<\/strong> to manifest nowoczesnej klasyki - ikoniczny projekt, wok\u00f3\u0142 kt\u00f3rego zbudowana zosta\u0142a ca\u0142a kolekcja\n\t\t\t\t\t<\/p>\n\t\t\t\t\t<\/div>\n\t\t\t\t<\/div>\n\t\t<div class=\"elementor-element elementor-element-b37fbcf e-flex e-con-boxed e-con e-parent\" data-id=\"b37fbcf\" data-element_type=\"container\" data-e-type=\"container\">\n\t\t\t\t\t<div class=\"e-con-inner\">\n\t\t<div class=\"elementor-element elementor-element-e43c5e2 e-con-full e-flex e-con e-child\" data-id=\"e43c5e2\" data-element_type=\"container\" data-e-type=\"container\">\n\t\t\t\t\t\t\t<h2 \n\t\tdata-interaction-id=\"93b8e7a\" \n\t\tclass=\"e-heading-base\" \n\t\t \n\t\t\n\t>\n\t\n\t\t\tNoir Power Blazer\n\t\t<\/h2>\n\t\t\t\t<\/div>\n\t\t<div class=\"elementor-element elementor-element-bb06c5b e-con-full e-flex e-con e-child\" data-id=\"bb06c5b\" data-element_type=\"container\" data-e-type=\"container\">\n\t\t\t\t\t\t\t\t<p class=\"e-paragraph-base\" data-interaction-id=\"aaae104\"  >\n\t\t\t\t\t\t\t\tWyrazista marynarka o mocno zarysowanej linii ramion i architektonicznej formie, inspirowana si\u0142\u0105 nowoczesnego krawiectwa. Minimalistyczna, a jednocze\u015bnie dramatyczna w wyrazie, redefiniuje klasyczny tailoring poprzez odwa\u017cne proporcje i ponadczasow\u0105 elegancj\u0119. To manifest pewno\u015bci siebie zamkni\u0119ty w formie.\n\t\t\t\t\t<\/p>\n\t\t\t\t<\/div>\n\t\t<div class=\"elementor-element elementor-element-b0e6ebe e-con-full e-flex e-con e-child\" data-id=\"b0e6ebe\" data-element_type=\"container\" data-e-type=\"container\">\n\t\t\t\t\t\t\t\n\t\t<img class=\"e-image-base e-dd0d54f-de994d0 lazyload\" \n\t\t\t\t\tdata-interaction-id=\"dd0d54f\" \n\t\t \n\t\t \n\t\t\t\t\t\t\t\t\tid=\"135\"\n\t\t\t\t\t\t\t\t\t\t\t\tdata-src=\"https:\/\/226.wordpressalk.pl\/wp-content\/uploads\/2026\/04\/ai-fashion-midjourney-midjourney-fashion-brand-archetypes-visual-identity-ai-concept-ai-design.jpg\"\n\t\t\t\t\t\t\t\t\t\t\t\twidth=\"736\"\n\t\t\t\t\t\t\t\t\t\t\t\theight=\"1104\"\n\t\t\t\t\t\t\t\t\t\t\t\tdata-srcset=\"https:\/\/226.wordpressalk.pl\/wp-content\/uploads\/2026\/04\/ai-fashion-midjourney-midjourney-fashion-brand-archetypes-visual-identity-ai-concept-ai-design.jpg 736w, https:\/\/226.wordpressalk.pl\/wp-content\/uploads\/2026\/04\/ai-fashion-midjourney-midjourney-fashion-brand-archetypes-visual-identity-ai-concept-ai-design-200x300.jpg 200w, https:\/\/226.wordpressalk.pl\/wp-content\/uploads\/2026\/04\/ai-fashion-midjourney-midjourney-fashion-brand-archetypes-visual-identity-ai-concept-ai-design-683x1024.jpg 683w, https:\/\/226.wordpressalk.pl\/wp-content\/uploads\/2026\/04\/ai-fashion-midjourney-midjourney-fashion-brand-archetypes-visual-identity-ai-concept-ai-design-575x863.jpg 575w, https:\/\/226.wordpressalk.pl\/wp-content\/uploads\/2026\/04\/ai-fashion-midjourney-midjourney-fashion-brand-archetypes-visual-identity-ai-concept-ai-design-380x570.jpg 380w\"\n\t\t\t\t\t\t\t\t\t\t\t\talt=\"\"\n\t\t\t\t\t\t src=\"data:image\/svg+xml;base64,PHN2ZyB3aWR0aD0iMSIgaGVpZ2h0PSIxIiB4bWxucz0iaHR0cDovL3d3dy53My5vcmcvMjAwMC9zdmciPjwvc3ZnPg==\" style=\"--smush-placeholder-width: 736px; --smush-placeholder-aspect-ratio: 736\/1104;\" \/>\n\t\t\t\t\t<\/div>\n\t\t\t\t\t<\/div>\n\t\t\t\t<\/div>\n\t\t<div class=\"elementor-element elementor-element-ff59ba8 e-flex e-con-boxed e-con e-parent\" data-id=\"ff59ba8\" data-element_type=\"container\" data-e-type=\"container\">\n\t\t\t\t\t<div class=\"e-con-inner\">\n\t\t<div class=\"elementor-element elementor-element-42c2b25 e-con-full e-flex e-con e-child\" data-id=\"42c2b25\" data-element_type=\"container\" data-e-type=\"container\">\n\t\t\t\t\t\t\t\t<p class=\"e-paragraph-base\" data-interaction-id=\"5b26dc9\"  >\n\t\t\t\t\t\t\t\tSk\u00f3rzana marynarka o wyrazistej, rze\u017abiarskiej sylwetce i nonszalanckim charakterze, balansuj\u0105ca mi\u0119dzy si\u0142\u0105 a lekko\u015bci\u0105. Mi\u0119kka konstrukcja, podkre\u015blone ramiona i nowoczesne proporcje nadaj\u0105 jej effortless elegancj\u0119 z modowym twistem. Zaprojektowana tak, by <strong id=\"e-mofyn7p4-0mymupu\">z powodzeniem zast\u0119powa\u0107 klasyczn\u0105 sk\u00f3rzan\u0105 kurtk\u0119<\/strong>, wnosi do garderoby bardziej wyrafinowan\u0105, tailoringow\u0105 ods\u0142on\u0119 leatherwear.\n\t\t\t\t\t<\/p>\n\t\t\t\t<\/div>\n\t\t<div class=\"elementor-element elementor-element-003b963 e-con-full e-flex e-con e-child\" data-id=\"003b963\" data-element_type=\"container\" data-e-type=\"container\">\n\t\t\t\t\t\t\t\n\t\t<img class=\"e-image-base lazyload\" \n\t\t\t\t\tdata-interaction-id=\"9200dc5\" \n\t\t \n\t\t \n\t\t\t\t\t\t\t\t\tid=\"142\"\n\t\t\t\t\t\t\t\t\t\t\t\tdata-src=\"https:\/\/226.wordpressalk.pl\/wp-content\/uploads\/2026\/04\/13.jpg\"\n\t\t\t\t\t\t\t\t\t\t\t\twidth=\"736\"\n\t\t\t\t\t\t\t\t\t\t\t\theight=\"1214\"\n\t\t\t\t\t\t\t\t\t\t\t\tdata-srcset=\"https:\/\/226.wordpressalk.pl\/wp-content\/uploads\/2026\/04\/13.jpg 736w, https:\/\/226.wordpressalk.pl\/wp-content\/uploads\/2026\/04\/13-182x300.jpg 182w, https:\/\/226.wordpressalk.pl\/wp-content\/uploads\/2026\/04\/13-621x1024.jpg 621w, https:\/\/226.wordpressalk.pl\/wp-content\/uploads\/2026\/04\/13-575x948.jpg 575w, https:\/\/226.wordpressalk.pl\/wp-content\/uploads\/2026\/04\/13-380x627.jpg 380w\"\n\t\t\t\t\t\t\t\t\t\t\t\talt=\"\"\n\t\t\t\t\t\t src=\"data:image\/svg+xml;base64,PHN2ZyB3aWR0aD0iMSIgaGVpZ2h0PSIxIiB4bWxucz0iaHR0cDovL3d3dy53My5vcmcvMjAwMC9zdmciPjwvc3ZnPg==\" style=\"--smush-placeholder-width: 736px; --smush-placeholder-aspect-ratio: 736\/1214;\" \/>\n\t\t\t\t\t<\/div>\n\t\t<div class=\"elementor-element elementor-element-d04df99 e-con-full e-flex e-con e-child\" data-id=\"d04df99\" data-element_type=\"container\" data-e-type=\"container\">\n\t\t\t\t\t\t\t<h2 \n\t\tdata-interaction-id=\"4a6569a\" \n\t\tclass=\"e-heading-base\" \n\t\t \n\t\t\n\t>\n\t\n\t\t\tSoft Structure Leather Blazer\n\t\t<\/h2>\n\t\t\t\t<\/div>\n\t\t\t\t\t<\/div>\n\t\t\t\t<\/div>\n\t\t\t\t<\/div>\n\t\t","protected":false},"excerpt":{"rendered":"<p>Wiosna\/Lato 2026 to kolekcja inspirowana lekko\u015bci\u0105, nowoczesn\u0105 kobieco\u015bci\u0105 i sztuk\u0105 wsp\u00f3\u0142czesnego krawiectwa. W tej ods\u0142onie Muse Studio redefiniuje marynark\u0119 &#8211; nadaj\u0105c jej bardziej zmys\u0142owy, wyrazisty i swobodny charakter. Rze\u017abiarskie formy, [&hellip;]<\/p>\n","protected":false},"author":1,"featured_media":0,"parent":0,"menu_order":0,"comment_status":"closed","ping_status":"closed","template":"","meta":{"footnotes":""},"class_list":["post-106","page","type-page","status-publish","hentry"],"yoast_head":"<!-- This site is optimized with the Yoast SEO plugin v27.4 - https:\/\/yoast.com\/product\/yoast-seo-wordpress\/ -->\n<title>Nowa kolekcja - wiosna\/lato 2026 - Muse Studio<\/title>\n<meta name=\"robots\" content=\"index, follow, max-snippet:-1, max-image-preview:large, max-video-preview:-1\" \/>\n<link rel=\"canonical\" href=\"http:\/\/226.wordpressalk.pl\/index.php\/nowa-kolekcja-wiosna-lato-2026\/\" \/>\n<meta property=\"og:locale\" content=\"pl_PL\" \/>\n<meta property=\"og:type\" content=\"article\" \/>\n<meta property=\"og:title\" content=\"Nowa kolekcja - wiosna\/lato 2026 - Muse Studio\" \/>\n<meta property=\"og:description\" content=\"Wiosna\/Lato 2026 to kolekcja inspirowana lekko\u015bci\u0105, nowoczesn\u0105 kobieco\u015bci\u0105 i sztuk\u0105 wsp\u00f3\u0142czesnego krawiectwa. W tej ods\u0142onie Muse Studio redefiniuje marynark\u0119 &#8211; nadaj\u0105c jej bardziej zmys\u0142owy, wyrazisty i swobodny charakter. Rze\u017abiarskie formy, [&hellip;]\" \/>\n<meta property=\"og:url\" content=\"http:\/\/226.wordpressalk.pl\/index.php\/nowa-kolekcja-wiosna-lato-2026\/\" \/>\n<meta property=\"og:site_name\" content=\"Muse Studio\" \/>\n<meta property=\"article:modified_time\" content=\"2026-04-26T21:07:16+00:00\" \/>\n<meta property=\"og:image\" content=\"http:\/\/226.wordpressalk.pl\/wp-content\/uploads\/2026\/04\/ChatGPT-Image-26.04.2026-o-17_22_41.png\" \/>\n<meta name=\"twitter:card\" content=\"summary_large_image\" \/>\n<meta name=\"twitter:label1\" content=\"Szacowany czas czytania\" \/>\n\t<meta name=\"twitter:data1\" content=\"2 minuty\" \/>\n<script type=\"application\/ld+json\" class=\"yoast-schema-graph\">{\"@context\":\"https:\\\/\\\/schema.org\",\"@graph\":[{\"@type\":\"WebPage\",\"@id\":\"http:\\\/\\\/226.wordpressalk.pl\\\/index.php\\\/nowa-kolekcja-wiosna-lato-2026\\\/\",\"url\":\"http:\\\/\\\/226.wordpressalk.pl\\\/index.php\\\/nowa-kolekcja-wiosna-lato-2026\\\/\",\"name\":\"Nowa kolekcja - wiosna\\\/lato 2026 - Muse Studio\",\"isPartOf\":{\"@id\":\"http:\\\/\\\/226.wordpressalk.pl\\\/#website\"},\"primaryImageOfPage\":{\"@id\":\"http:\\\/\\\/226.wordpressalk.pl\\\/index.php\\\/nowa-kolekcja-wiosna-lato-2026\\\/#primaryimage\"},\"image\":{\"@id\":\"http:\\\/\\\/226.wordpressalk.pl\\\/index.php\\\/nowa-kolekcja-wiosna-lato-2026\\\/#primaryimage\"},\"thumbnailUrl\":\"http:\\\/\\\/226.wordpressalk.pl\\\/wp-content\\\/uploads\\\/2026\\\/04\\\/ChatGPT-Image-26.04.2026-o-17_22_41.png\",\"datePublished\":\"2026-04-26T15:24:40+00:00\",\"dateModified\":\"2026-04-26T21:07:16+00:00\",\"breadcrumb\":{\"@id\":\"http:\\\/\\\/226.wordpressalk.pl\\\/index.php\\\/nowa-kolekcja-wiosna-lato-2026\\\/#breadcrumb\"},\"inLanguage\":\"pl-PL\",\"potentialAction\":[{\"@type\":\"ReadAction\",\"target\":[\"http:\\\/\\\/226.wordpressalk.pl\\\/index.php\\\/nowa-kolekcja-wiosna-lato-2026\\\/\"]}]},{\"@type\":\"ImageObject\",\"inLanguage\":\"pl-PL\",\"@id\":\"http:\\\/\\\/226.wordpressalk.pl\\\/index.php\\\/nowa-kolekcja-wiosna-lato-2026\\\/#primaryimage\",\"url\":\"https:\\\/\\\/226.wordpressalk.pl\\\/wp-content\\\/uploads\\\/2026\\\/04\\\/ChatGPT-Image-26.04.2026-o-17_22_41.png\",\"contentUrl\":\"https:\\\/\\\/226.wordpressalk.pl\\\/wp-content\\\/uploads\\\/2026\\\/04\\\/ChatGPT-Image-26.04.2026-o-17_22_41.png\",\"width\":1536,\"height\":1024},{\"@type\":\"BreadcrumbList\",\"@id\":\"http:\\\/\\\/226.wordpressalk.pl\\\/index.php\\\/nowa-kolekcja-wiosna-lato-2026\\\/#breadcrumb\",\"itemListElement\":[{\"@type\":\"ListItem\",\"position\":1,\"name\":\"Strona g\u0142\u00f3wna\",\"item\":\"http:\\\/\\\/226.wordpressalk.pl\\\/\"},{\"@type\":\"ListItem\",\"position\":2,\"name\":\"Nowa kolekcja &#8211; wiosna\\\/lato 2026\"}]},{\"@type\":\"WebSite\",\"@id\":\"http:\\\/\\\/226.wordpressalk.pl\\\/#website\",\"url\":\"http:\\\/\\\/226.wordpressalk.pl\\\/\",\"name\":\"Muse Studio\",\"description\":\"The new language of classics\",\"potentialAction\":[{\"@type\":\"SearchAction\",\"target\":{\"@type\":\"EntryPoint\",\"urlTemplate\":\"http:\\\/\\\/226.wordpressalk.pl\\\/?s={search_term_string}\"},\"query-input\":{\"@type\":\"PropertyValueSpecification\",\"valueRequired\":true,\"valueName\":\"search_term_string\"}}],\"inLanguage\":\"pl-PL\"}]}<\/script>\n<!-- \/ Yoast SEO plugin. -->","yoast_head_json":{"title":"Nowa kolekcja - wiosna\/lato 2026 - Muse Studio","robots":{"index":"index","follow":"follow","max-snippet":"max-snippet:-1","max-image-preview":"max-image-preview:large","max-video-preview":"max-video-preview:-1"},"canonical":"http:\/\/226.wordpressalk.pl\/index.php\/nowa-kolekcja-wiosna-lato-2026\/","og_locale":"pl_PL","og_type":"article","og_title":"Nowa kolekcja - wiosna\/lato 2026 - Muse Studio","og_description":"Wiosna\/Lato 2026 to kolekcja inspirowana lekko\u015bci\u0105, nowoczesn\u0105 kobieco\u015bci\u0105 i sztuk\u0105 wsp\u00f3\u0142czesnego krawiectwa. W tej ods\u0142onie Muse Studio redefiniuje marynark\u0119 &#8211; nadaj\u0105c jej bardziej zmys\u0142owy, wyrazisty i swobodny charakter. Rze\u017abiarskie formy, [&hellip;]","og_url":"http:\/\/226.wordpressalk.pl\/index.php\/nowa-kolekcja-wiosna-lato-2026\/","og_site_name":"Muse Studio","article_modified_time":"2026-04-26T21:07:16+00:00","og_image":[{"url":"http:\/\/226.wordpressalk.pl\/wp-content\/uploads\/2026\/04\/ChatGPT-Image-26.04.2026-o-17_22_41.png","type":"","width":"","height":""}],"twitter_card":"summary_large_image","twitter_misc":{"Szacowany czas czytania":"2 minuty"},"schema":{"@context":"https:\/\/schema.org","@graph":[{"@type":"WebPage","@id":"http:\/\/226.wordpressalk.pl\/index.php\/nowa-kolekcja-wiosna-lato-2026\/","url":"http:\/\/226.wordpressalk.pl\/index.php\/nowa-kolekcja-wiosna-lato-2026\/","name":"Nowa kolekcja - wiosna\/lato 2026 - Muse Studio","isPartOf":{"@id":"http:\/\/226.wordpressalk.pl\/#website"},"primaryImageOfPage":{"@id":"http:\/\/226.wordpressalk.pl\/index.php\/nowa-kolekcja-wiosna-lato-2026\/#primaryimage"},"image":{"@id":"http:\/\/226.wordpressalk.pl\/index.php\/nowa-kolekcja-wiosna-lato-2026\/#primaryimage"},"thumbnailUrl":"http:\/\/226.wordpressalk.pl\/wp-content\/uploads\/2026\/04\/ChatGPT-Image-26.04.2026-o-17_22_41.png","datePublished":"2026-04-26T15:24:40+00:00","dateModified":"2026-04-26T21:07:16+00:00","breadcrumb":{"@id":"http:\/\/226.wordpressalk.pl\/index.php\/nowa-kolekcja-wiosna-lato-2026\/#breadcrumb"},"inLanguage":"pl-PL","potentialAction":[{"@type":"ReadAction","target":["http:\/\/226.wordpressalk.pl\/index.php\/nowa-kolekcja-wiosna-lato-2026\/"]}]},{"@type":"ImageObject","inLanguage":"pl-PL","@id":"http:\/\/226.wordpressalk.pl\/index.php\/nowa-kolekcja-wiosna-lato-2026\/#primaryimage","url":"https:\/\/226.wordpressalk.pl\/wp-content\/uploads\/2026\/04\/ChatGPT-Image-26.04.2026-o-17_22_41.png","contentUrl":"https:\/\/226.wordpressalk.pl\/wp-content\/uploads\/2026\/04\/ChatGPT-Image-26.04.2026-o-17_22_41.png","width":1536,"height":1024},{"@type":"BreadcrumbList","@id":"http:\/\/226.wordpressalk.pl\/index.php\/nowa-kolekcja-wiosna-lato-2026\/#breadcrumb","itemListElement":[{"@type":"ListItem","position":1,"name":"Strona g\u0142\u00f3wna","item":"http:\/\/226.wordpressalk.pl\/"},{"@type":"ListItem","position":2,"name":"Nowa kolekcja &#8211; wiosna\/lato 2026"}]},{"@type":"WebSite","@id":"http:\/\/226.wordpressalk.pl\/#website","url":"http:\/\/226.wordpressalk.pl\/","name":"Muse Studio","description":"The new language of classics","potentialAction":[{"@type":"SearchAction","target":{"@type":"EntryPoint","urlTemplate":"http:\/\/226.wordpressalk.pl\/?s={search_term_string}"},"query-input":{"@type":"PropertyValueSpecification","valueRequired":true,"valueName":"search_term_string"}}],"inLanguage":"pl-PL"}]}},"_links":{"self":[{"href":"https:\/\/226.wordpressalk.pl\/index.php\/wp-json\/wp\/v2\/pages\/106","targetHints":{"allow":["GET"]}}],"collection":[{"href":"https:\/\/226.wordpressalk.pl\/index.php\/wp-json\/wp\/v2\/pages"}],"about":[{"href":"https:\/\/226.wordpressalk.pl\/index.php\/wp-json\/wp\/v2\/types\/page"}],"author":[{"embeddable":true,"href":"https:\/\/226.wordpressalk.pl\/index.php\/wp-json\/wp\/v2\/users\/1"}],"replies":[{"embeddable":true,"href":"https:\/\/226.wordpressalk.pl\/index.php\/wp-json\/wp\/v2\/comments?post=106"}],"version-history":[{"count":19,"href":"https:\/\/226.wordpressalk.pl\/index.php\/wp-json\/wp\/v2\/pages\/106\/revisions"}],"predecessor-version":[{"id":178,"href":"https:\/\/226.wordpressalk.pl\/index.php\/wp-json\/wp\/v2\/pages\/106\/revisions\/178"}],"wp:attachment":[{"href":"https:\/\/226.wordpressalk.pl\/index.php\/wp-json\/wp\/v2\/media?parent=106"}],"curies":[{"name":"wp","href":"https:\/\/api.w.org\/{rel}","templated":true}]}}